{"id":2341,"date":"2025-02-25T15:51:41","date_gmt":"2025-02-25T14:51:41","guid":{"rendered":"https:\/\/t2c-hamburg.com\/karriere\/"},"modified":"2025-11-07T14:03:12","modified_gmt":"2025-11-07T13:03:12","slug":"karriere","status":"publish","type":"page","link":"https:\/\/t2c-hamburg.com\/es\/karriere\/","title":{"rendered":"Carrera"},"content":{"rendered":"\t\t<div data-elementor-type=\"wp-page\" data-elementor-id=\"2341\" class=\"elementor elementor-2341 elementor-1563\">\n\t\t\t\t\t\t<section class=\"elementor-section elementor-top-section elementor-element elementor-element-6095dc24 elementor-section-boxed elementor-section-height-default elementor-section-height-default\" data-id=\"6095dc24\" data-element_type=\"section\" data-settings=\"{&quot;background_background&quot;:&quot;classic&quot;}\">\n\t\t\t\t\t\t\t<div class=\"elementor-background-overlay\"><\/div>\n\t\t\t\t\t\t\t<div class=\"elementor-container elementor-column-gap-default\">\n\t\t\t\t\t<div class=\"elementor-column elementor-col-100 elementor-top-column elementor-element elementor-element-25d444de\" data-id=\"25d444de\" data-element_type=\"column\">\n\t\t\t<div class=\"elementor-widget-wrap elementor-element-populated\">\n\t\t\t\t\t\t<div class=\"elementor-element elementor-element-3d1c3c6 elementor-widget elementor-widget-button\" data-id=\"3d1c3c6\" data-element_type=\"widget\" data-widget_type=\"button.default\">\n\t\t\t\t<div class=\"elementor-widget-container\">\n\t\t\t\t\t\t\t\t\t<div class=\"elementor-button-wrapper\">\n\t\t\t\t\t<a class=\"elementor-button elementor-button-link elementor-size-sm\" href=\"https:\/\/t2c-hamburg-karriere.de\/\" target=\"_blank\">\n\t\t\t\t\t\t<span class=\"elementor-button-content-wrapper\">\n\t\t\t\t\t\t\t\t\t<span class=\"elementor-button-text\">Carrera profesional en T2C<\/span>\n\t\t\t\t\t<\/span>\n\t\t\t\t\t<\/a>\n\t\t\t\t<\/div>\n\t\t\t\t\t\t\t\t<\/div>\n\t\t\t\t<\/div>\n\t\t\t\t<div class=\"elementor-element elementor-element-76a1dd7 elementor-widget elementor-widget-button\" data-id=\"76a1dd7\" data-element_type=\"widget\" data-widget_type=\"button.default\">\n\t\t\t\t<div class=\"elementor-widget-container\">\n\t\t\t\t\t\t\t\t\t<div class=\"elementor-button-wrapper\">\n\t\t\t\t\t<a class=\"elementor-button elementor-button-link elementor-size-sm\" href=\"https:\/\/t2c-hamburg-karriere.de\/\" target=\"_blank\">\n\t\t\t\t\t\t<span class=\"elementor-button-content-wrapper\">\n\t\t\t\t\t\t\t\t\t<span class=\"elementor-button-text\">LET`S CONNECT - Profesional y personalmente<\/span>\n\t\t\t\t\t<\/span>\n\t\t\t\t\t<\/a>\n\t\t\t\t<\/div>\n\t\t\t\t\t\t\t\t<\/div>\n\t\t\t\t<\/div>\n\t\t\t\t\t<\/div>\n\t\t<\/div>\n\t\t\t\t\t<\/div>\n\t\t<\/section>\n\t\t<div class=\"elementor-element elementor-element-ca27575 e-flex e-con-boxed e-con e-parent\" data-id=\"ca27575\" data-element_type=\"container\">\n\t\t\t\t\t<div class=\"e-con-inner\">\n\t\t\t\t<div class=\"elementor-element elementor-element-b4b5b0a elementor-widget elementor-widget-heading\" data-id=\"b4b5b0a\" data-element_type=\"widget\" data-widget_type=\"heading.default\">\n\t\t\t\t<div class=\"elementor-widget-container\">\n\t\t\t\t\t<h2 class=\"elementor-heading-title elementor-size-default\">Impuestos. Auditor\u00eda. Dise\u00f1o.  <\/h2>\t\t\t\t<\/div>\n\t\t\t\t<\/div>\n\t\t\t\t<div class=\"elementor-element elementor-element-1bdac18 elementor-widget elementor-widget-text-editor\" data-id=\"1bdac18\" data-element_type=\"widget\" data-widget_type=\"text-editor.default\">\n\t\t\t\t<div class=\"elementor-widget-container\">\n\t\t\t\t\t\t\t\t\t<p>S\u00ed, asesoramos en materia fiscal. Y s\u00ed, tambi\u00e9n en materia de auditor\u00eda y<br>derecho. Pero, sobre todo, asesoramos a personas. Y lo hacemos con actitud,<br>humor y exigencia.   <\/p><p><strong>\u00bfPor qu\u00e9 T2C?<\/strong><\/p><ul><li>Porque trabajamos de forma interdisciplinaria, pero sin perder los pies en la tierra.<\/li><li>Porque para nosotros la estrategia, la digitalizaci\u00f3n y la comprensi\u00f3n del negocio van de la mano<\/li><li>Y porque creemos que tambi\u00e9n se puede re\u00edr en un bufete. Incluso con chistes sobre impuestos (a veces). <\/li><\/ul><p><strong>Lo que te espera:<\/strong><\/p><ul><li>Mandatos exigentes, desde pymes hasta grupos internacionales: responsabilidad propia desde el primer d\u00eda, con el respaldo del equipo.<\/li><li>Un entorno que realmente fomenta el pensamiento innovador y el desarrollo continuo<\/li><li>Compa\u00f1eros y compa\u00f1eras que saben m\u00e1s que p\u00e1rrafos y art\u00edculos<\/li><\/ul><p><strong>Lo que no necesitamos:<\/strong><\/p><ul><li>Curr\u00edculos impecables, sin asperezas<\/li><li>Personas que solo conocen el horario de \u00ab9 a 5\u00bb o que solo hablan jerga t\u00e9cnica<\/li><li>Mal humor, trajes permanentes o miedo al Excel A<\/li><\/ul><p><strong> <\/strong><strong>qui\u00e9n buscamos:<\/strong><\/p><ul><li>Asesores fiscales con visi\u00f3n estrat\u00e9gica<\/li><li>Asistentes de auditor\u00eda con garra<\/li><li>Abogados con esp\u00edritu emprendedor<\/li><li>Y, por supuesto: j\u00f3venes con actitud, curiosidad y sentido del<\/li><\/ul><p><strong> <\/strong><strong>humor C\u00f3mo somos:<\/strong><\/p><ul><li>Creemos en la excelencia, pero sin codazos<\/li><li>En la eficiencia, pero sin agotamiento<\/li><li>Y en el desarrollo, pero por favor, de forma humana<\/li><\/ul><p>\u00bfTe gusta lo que lees? Entonces, sal\u00fadanos, ya sea por correo electr\u00f3nico, LinkedIn o con tu p\u00e1rrafo favorito.<br>\ud83d\udc49 <a href=\"https:\/\/t2c-hamburg-karriere.de\/\" target=\"_blank\" rel=\"noopener\">[Solicitar ahora \u2192]<\/a><\/p>\t\t\t\t\t\t\t\t<\/div>\n\t\t\t\t<\/div>\n\t\t\t\t\t<\/div>\n\t\t\t\t<\/div>\n\t\t<div class=\"elementor-element elementor-element-baf9b93 e-grid e-con-boxed e-con e-parent\" data-id=\"baf9b93\" data-element_type=\"container\">\n\t\t\t\t\t<div class=\"e-con-inner\">\n\t\t\t\t<div class=\"elementor-element elementor-element-2a34abc elementor-widget elementor-widget-text-editor\" data-id=\"2a34abc\" data-element_type=\"widget\" data-widget_type=\"text-editor.default\">\n\t\t\t\t<div class=\"elementor-widget-container\">\n\t\t\t\t\t\t\t\t\t<p>Aqu\u00ed puede acceder a nuestro portal de empleo:<\/p>\t\t\t\t\t\t\t\t<\/div>\n\t\t\t\t<\/div>\n\t\t\t\t<div class=\"elementor-element elementor-element-987d808 elementor-widget elementor-widget-button\" data-id=\"987d808\" data-element_type=\"widget\" data-widget_type=\"button.default\">\n\t\t\t\t<div class=\"elementor-widget-container\">\n\t\t\t\t\t\t\t\t\t<div class=\"elementor-button-wrapper\">\n\t\t\t\t\t<a class=\"elementor-button elementor-button-link elementor-size-sm\" href=\"https:\/\/t2c-hamburg-karriere.de\/\" target=\"_blank\">\n\t\t\t\t\t\t<span class=\"elementor-button-content-wrapper\">\n\t\t\t\t\t\t\t\t\t<span class=\"elementor-button-text\">LET`S CONNECT<\/span>\n\t\t\t\t\t<\/span>\n\t\t\t\t\t<\/a>\n\t\t\t\t<\/div>\n\t\t\t\t\t\t\t\t<\/div>\n\t\t\t\t<\/div>\n\t\t\t\t\t<\/div>\n\t\t\t\t<\/div>\n\t\t\t\t<section class=\"elementor-section elementor-top-section elementor-element elementor-element-946ae8f elementor-section-height-min-height elementor-section-boxed elementor-section-height-default elementor-section-items-middle\" data-id=\"946ae8f\" data-element_type=\"section\" data-settings=\"{&quot;background_background&quot;:&quot;classic&quot;}\">\n\t\t\t\t\t\t<div class=\"elementor-container elementor-column-gap-default\">\n\t\t\t\t\t<div class=\"elementor-column elementor-col-100 elementor-top-column elementor-element elementor-element-1fece4f elementor-hidden-phone\" data-id=\"1fece4f\" data-element_type=\"column\">\n\t\t\t<div class=\"elementor-widget-wrap\">\n\t\t\t\t\t\t\t<\/div>\n\t\t<\/div>\n\t\t\t\t\t<\/div>\n\t\t<\/section>\n\t\t\t\t<section class=\"elementor-section elementor-top-section elementor-element elementor-element-43a1de64 elementor-section-content-middle elementor-section-boxed elementor-section-height-default elementor-section-height-default\" data-id=\"43a1de64\" data-element_type=\"section\" data-settings=\"{&quot;background_background&quot;:&quot;classic&quot;}\">\n\t\t\t\t\t\t<div class=\"elementor-container elementor-column-gap-no\">\n\t\t\t\t\t<div class=\"elementor-column elementor-col-50 elementor-top-column elementor-element elementor-element-77d62c5e\" data-id=\"77d62c5e\" data-element_type=\"column\" data-settings=\"{&quot;background_background&quot;:&quot;gradient&quot;}\">\n\t\t\t<div class=\"elementor-widget-wrap elementor-element-populated\">\n\t\t\t\t\t\t<div class=\"elementor-element elementor-element-59b07c03 elementor-widget elementor-widget-heading\" data-id=\"59b07c03\" data-element_type=\"widget\" data-widget_type=\"heading.default\">\n\t\t\t\t<div class=\"elementor-widget-container\">\n\t\t\t\t\t<h5 class=\"elementor-heading-title elementor-size-default\">Contacto<\/h5>\t\t\t\t<\/div>\n\t\t\t\t<\/div>\n\t\t\t\t<div class=\"elementor-element elementor-element-501776d2 elementor-widget elementor-widget-heading\" data-id=\"501776d2\" data-element_type=\"widget\" data-widget_type=\"heading.default\">\n\t\t\t\t<div class=\"elementor-widget-container\">\n\t\t\t\t\t<h1 class=\"elementor-heading-title elementor-size-default\">LET`S CONNECT - Profesional y personalmente<\/h1>\t\t\t\t<\/div>\n\t\t\t\t<\/div>\n\t\t\t\t<div class=\"elementor-element elementor-element-582c0265 elementor-widget elementor-widget-heading\" data-id=\"582c0265\" data-element_type=\"widget\" data-widget_type=\"heading.default\">\n\t\t\t\t<div class=\"elementor-widget-container\">\n\t\t\t\t\t<h4 class=\"elementor-heading-title elementor-size-default\"><a href=\"tel:%20+49%2040%2037%2086%2088%E2%80%930\"> +49 40 37 86 88\u20130<\/a><\/h4>\t\t\t\t<\/div>\n\t\t\t\t<\/div>\n\t\t\t\t<div class=\"elementor-element elementor-element-7e63419 elementor-widget elementor-widget-heading\" data-id=\"7e63419\" data-element_type=\"widget\" data-widget_type=\"heading.default\">\n\t\t\t\t<div class=\"elementor-widget-container\">\n\t\t\t\t\t<h4 class=\"elementor-heading-title elementor-size-default\"><a href=\"mailto:office@t2c-hamburg.com\">office@t2c-hamburg.com<\/a><\/h4>\t\t\t\t<\/div>\n\t\t\t\t<\/div>\n\t\t\t\t<div class=\"elementor-element elementor-element-4c2def2b elementor-shape-square e-grid-align-left elementor-grid-0 elementor-widget elementor-widget-social-icons\" data-id=\"4c2def2b\" data-element_type=\"widget\" data-widget_type=\"social-icons.default\">\n\t\t\t\t<div class=\"elementor-widget-container\">\n\t\t\t\t\t\t\t<div class=\"elementor-social-icons-wrapper elementor-grid\">\n\t\t\t\t\t\t\t<span class=\"elementor-grid-item\">\n\t\t\t\t\t<a class=\"elementor-icon elementor-social-icon elementor-social-icon-facebook-f elementor-animation-grow elementor-repeater-item-9c86cde\" target=\"_blank\">\n\t\t\t\t\t\t<span class=\"elementor-screen-only\">Facebook-f<\/span>\n\t\t\t\t\t\t<svg class=\"e-font-icon-svg e-fab-facebook-f\" viewBox=\"0 0 320 512\" xmlns=\"http:\/\/www.w3.org\/2000\/svg\"><path d=\"M279.14 288l14.22-92.66h-88.91v-60.13c0-25.35 12.42-50.06 52.24-50.06h40.42V6.26S260.43 0 225.36 0c-73.22 0-121.08 44.38-121.08 124.72v70.62H22.89V288h81.39v224h100.17V288z\"><\/path><\/svg>\t\t\t\t\t<\/a>\n\t\t\t\t<\/span>\n\t\t\t\t\t\t\t<span class=\"elementor-grid-item\">\n\t\t\t\t\t<a class=\"elementor-icon elementor-social-icon elementor-social-icon-instagram elementor-animation-grow elementor-repeater-item-7bcbd9e\" target=\"_blank\">\n\t\t\t\t\t\t<span class=\"elementor-screen-only\">Instagram<\/span>\n\t\t\t\t\t\t<svg class=\"e-font-icon-svg e-fab-instagram\" viewBox=\"0 0 448 512\" xmlns=\"http:\/\/www.w3.org\/2000\/svg\"><path d=\"M224.1 141c-63.6 0-114.9 51.3-114.9 114.9s51.3 114.9 114.9 114.9S339 319.5 339 255.9 287.7 141 224.1 141zm0 189.6c-41.1 0-74.7-33.5-74.7-74.7s33.5-74.7 74.7-74.7 74.7 33.5 74.7 74.7-33.6 74.7-74.7 74.7zm146.4-194.3c0 14.9-12 26.8-26.8 26.8-14.9 0-26.8-12-26.8-26.8s12-26.8 26.8-26.8 26.8 12 26.8 26.8zm76.1 27.2c-1.7-35.9-9.9-67.7-36.2-93.9-26.2-26.2-58-34.4-93.9-36.2-37-2.1-147.9-2.1-184.9 0-35.8 1.7-67.6 9.9-93.9 36.1s-34.4 58-36.2 93.9c-2.1 37-2.1 147.9 0 184.9 1.7 35.9 9.9 67.7 36.2 93.9s58 34.4 93.9 36.2c37 2.1 147.9 2.1 184.9 0 35.9-1.7 67.7-9.9 93.9-36.2 26.2-26.2 34.4-58 36.2-93.9 2.1-37 2.1-147.8 0-184.8zM398.8 388c-7.8 19.6-22.9 34.7-42.6 42.6-29.5 11.7-99.5 9-132.1 9s-102.7 2.6-132.1-9c-19.6-7.8-34.7-22.9-42.6-42.6-11.7-29.5-9-99.5-9-132.1s-2.6-102.7 9-132.1c7.8-19.6 22.9-34.7 42.6-42.6 29.5-11.7 99.5-9 132.1-9s102.7-2.6 132.1 9c19.6 7.8 34.7 22.9 42.6 42.6 11.7 29.5 9 99.5 9 132.1s2.7 102.7-9 132.1z\"><\/path><\/svg>\t\t\t\t\t<\/a>\n\t\t\t\t<\/span>\n\t\t\t\t\t<\/div>\n\t\t\t\t\t\t<\/div>\n\t\t\t\t<\/div>\n\t\t\t\t\t<\/div>\n\t\t<\/div>\n\t\t\t\t<div class=\"elementor-column elementor-col-50 elementor-top-column elementor-element elementor-element-4c8de665\" data-id=\"4c8de665\" data-element_type=\"column\">\n\t\t\t<div class=\"elementor-widget-wrap elementor-element-populated\">\n\t\t\t\t\t\t<div class=\"elementor-element elementor-element-2e74091 elementor-widget elementor-widget-image\" data-id=\"2e74091\" data-element_type=\"widget\" data-widget_type=\"image.default\">\n\t\t\t\t<div class=\"elementor-widget-container\">\n\t\t\t\t\t\t\t\t\t\t\t\t\t\t\t<img fetchpriority=\"high\" decoding=\"async\" width=\"750\" height=\"561\" src=\"https:\/\/t2c-hamburg.com\/wp-content\/uploads\/2025\/08\/Speicherstadt_Hamburg-1024x766.jpg\" class=\"attachment-large size-large wp-image-2366\" alt=\"\" srcset=\"https:\/\/t2c-hamburg.com\/wp-content\/uploads\/2025\/08\/Speicherstadt_Hamburg-1024x766.jpg 1024w, https:\/\/t2c-hamburg.com\/wp-content\/uploads\/2025\/08\/Speicherstadt_Hamburg-300x224.jpg 300w, https:\/\/t2c-hamburg.com\/wp-content\/uploads\/2025\/08\/Speicherstadt_Hamburg-768x574.jpg 768w, https:\/\/t2c-hamburg.com\/wp-content\/uploads\/2025\/08\/Speicherstadt_Hamburg.jpg 1027w\" sizes=\"(max-width: 750px) 100vw, 750px\" \/>\t\t\t\t\t\t\t\t\t\t\t\t\t\t\t<\/div>\n\t\t\t\t<\/div>\n\t\t\t\t\t<\/div>\n\t\t<\/div>\n\t\t\t\t\t<\/div>\n\t\t<\/section>\n\t\t\t\t<\/div>\n\t\t","protected":false},"excerpt":{"rendered":"<p>Carrera profesional en T2C LET`S CONNECT &#8211; Profesional y personalmente Impuestos. Auditor\u00eda. Dise\u00f1o. S\u00ed, asesoramos en materia fiscal. Y s\u00ed, tambi\u00e9n en materia de auditor\u00eda yderecho. Pero, sobre todo, asesoramos a personas. Y lo hacemos con actitud,humor y exigencia. \u00bfPor qu\u00e9 T2C? Porque trabajamos de forma interdisciplinaria, pero sin perder los pies en la tierra. [&hellip;]<\/p>\n","protected":false},"author":2,"featured_media":0,"parent":0,"menu_order":0,"comment_status":"closed","ping_status":"closed","template":"template-page-builders.php","meta":{"footnotes":""},"class_list":["post-2341","page","type-page","status-publish","hentry"],"yoast_head":"<!-- This site is optimized with the Yoast SEO plugin v24.5 - https:\/\/yoast.com\/wordpress\/plugins\/seo\/ -->\n<title>Carrera - T2C<\/title>\n<meta name=\"robots\" content=\"index, follow, max-snippet:-1, max-image-preview:large, max-video-preview:-1\" \/>\n<link rel=\"canonical\" href=\"https:\/\/t2c-hamburg.com\/es\/karriere\/\" \/>\n<meta property=\"og:locale\" content=\"es_ES\" \/>\n<meta property=\"og:type\" content=\"article\" \/>\n<meta property=\"og:title\" content=\"Carrera - T2C\" \/>\n<meta property=\"og:description\" content=\"Carrera profesional en T2C LET`S CONNECT &#8211; Profesional y personalmente Impuestos. Auditor\u00eda. Dise\u00f1o. S\u00ed, asesoramos en materia fiscal. Y s\u00ed, tambi\u00e9n en materia de auditor\u00eda yderecho. Pero, sobre todo, asesoramos a personas. Y lo hacemos con actitud,humor y exigencia. \u00bfPor qu\u00e9 T2C? Porque trabajamos de forma interdisciplinaria, pero sin perder los pies en la tierra. [&hellip;]\" \/>\n<meta property=\"og:url\" content=\"https:\/\/t2c-hamburg.com\/es\/karriere\/\" \/>\n<meta property=\"og:site_name\" content=\"T2C\" \/>\n<meta property=\"article:modified_time\" content=\"2025-11-07T13:03:12+00:00\" \/>\n<meta property=\"og:image\" content=\"https:\/\/t2c-hamburg.com\/wp-content\/uploads\/2025\/08\/Speicherstadt_Hamburg.jpg\" \/>\n\t<meta property=\"og:image:width\" content=\"1027\" \/>\n\t<meta property=\"og:image:height\" content=\"768\" \/>\n\t<meta property=\"og:image:type\" content=\"image\/jpeg\" \/>\n<meta name=\"twitter:card\" content=\"summary_large_image\" \/>\n<meta name=\"twitter:label1\" content=\"Tiempo de lectura\" \/>\n\t<meta name=\"twitter:data1\" content=\"2 minutos\" \/>\n<script type=\"application\/ld+json\" class=\"yoast-schema-graph\">{\"@context\":\"https:\/\/schema.org\",\"@graph\":[{\"@type\":\"WebPage\",\"@id\":\"https:\/\/t2c-hamburg.com\/es\/karriere\/\",\"url\":\"https:\/\/t2c-hamburg.com\/es\/karriere\/\",\"name\":\"Carrera - T2C\",\"isPartOf\":{\"@id\":\"https:\/\/t2c-hamburg.com\/es\/#website\"},\"primaryImageOfPage\":{\"@id\":\"https:\/\/t2c-hamburg.com\/es\/karriere\/#primaryimage\"},\"image\":{\"@id\":\"https:\/\/t2c-hamburg.com\/es\/karriere\/#primaryimage\"},\"thumbnailUrl\":\"https:\/\/t2c-hamburg.com\/wp-content\/uploads\/2025\/08\/Speicherstadt_Hamburg-1024x766.jpg\",\"datePublished\":\"2025-02-25T14:51:41+00:00\",\"dateModified\":\"2025-11-07T13:03:12+00:00\",\"breadcrumb\":{\"@id\":\"https:\/\/t2c-hamburg.com\/es\/karriere\/#breadcrumb\"},\"inLanguage\":\"es\",\"potentialAction\":[{\"@type\":\"ReadAction\",\"target\":[\"https:\/\/t2c-hamburg.com\/es\/karriere\/\"]}]},{\"@type\":\"ImageObject\",\"inLanguage\":\"es\",\"@id\":\"https:\/\/t2c-hamburg.com\/es\/karriere\/#primaryimage\",\"url\":\"https:\/\/t2c-hamburg.com\/wp-content\/uploads\/2025\/08\/Speicherstadt_Hamburg-1024x766.jpg\",\"contentUrl\":\"https:\/\/t2c-hamburg.com\/wp-content\/uploads\/2025\/08\/Speicherstadt_Hamburg-1024x766.jpg\"},{\"@type\":\"BreadcrumbList\",\"@id\":\"https:\/\/t2c-hamburg.com\/es\/karriere\/#breadcrumb\",\"itemListElement\":[{\"@type\":\"ListItem\",\"position\":1,\"name\":\"Startseite\",\"item\":\"https:\/\/t2c-hamburg.com\/es\/\"},{\"@type\":\"ListItem\",\"position\":2,\"name\":\"Carrera\"}]},{\"@type\":\"WebSite\",\"@id\":\"https:\/\/t2c-hamburg.com\/es\/#website\",\"url\":\"https:\/\/t2c-hamburg.com\/es\/\",\"name\":\"T2C\",\"description\":\"\",\"potentialAction\":[{\"@type\":\"SearchAction\",\"target\":{\"@type\":\"EntryPoint\",\"urlTemplate\":\"https:\/\/t2c-hamburg.com\/es\/?s={search_term_string}\"},\"query-input\":{\"@type\":\"PropertyValueSpecification\",\"valueRequired\":true,\"valueName\":\"search_term_string\"}}],\"inLanguage\":\"es\"}]}<\/script>\n<!-- \/ Yoast SEO plugin. -->","yoast_head_json":{"title":"Carrera - T2C","robots":{"index":"index","follow":"follow","max-snippet":"max-snippet:-1","max-image-preview":"max-image-preview:large","max-video-preview":"max-video-preview:-1"},"canonical":"https:\/\/t2c-hamburg.com\/es\/karriere\/","og_locale":"es_ES","og_type":"article","og_title":"Carrera - T2C","og_description":"Carrera profesional en T2C LET`S CONNECT &#8211; Profesional y personalmente Impuestos. Auditor\u00eda. Dise\u00f1o. S\u00ed, asesoramos en materia fiscal. Y s\u00ed, tambi\u00e9n en materia de auditor\u00eda yderecho. Pero, sobre todo, asesoramos a personas. Y lo hacemos con actitud,humor y exigencia. \u00bfPor qu\u00e9 T2C? Porque trabajamos de forma interdisciplinaria, pero sin perder los pies en la tierra. [&hellip;]","og_url":"https:\/\/t2c-hamburg.com\/es\/karriere\/","og_site_name":"T2C","article_modified_time":"2025-11-07T13:03:12+00:00","og_image":[{"width":1027,"height":768,"url":"https:\/\/t2c-hamburg.com\/wp-content\/uploads\/2025\/08\/Speicherstadt_Hamburg.jpg","type":"image\/jpeg"}],"twitter_card":"summary_large_image","twitter_misc":{"Tiempo de lectura":"2 minutos"},"schema":{"@context":"https:\/\/schema.org","@graph":[{"@type":"WebPage","@id":"https:\/\/t2c-hamburg.com\/es\/karriere\/","url":"https:\/\/t2c-hamburg.com\/es\/karriere\/","name":"Carrera - T2C","isPartOf":{"@id":"https:\/\/t2c-hamburg.com\/es\/#website"},"primaryImageOfPage":{"@id":"https:\/\/t2c-hamburg.com\/es\/karriere\/#primaryimage"},"image":{"@id":"https:\/\/t2c-hamburg.com\/es\/karriere\/#primaryimage"},"thumbnailUrl":"https:\/\/t2c-hamburg.com\/wp-content\/uploads\/2025\/08\/Speicherstadt_Hamburg-1024x766.jpg","datePublished":"2025-02-25T14:51:41+00:00","dateModified":"2025-11-07T13:03:12+00:00","breadcrumb":{"@id":"https:\/\/t2c-hamburg.com\/es\/karriere\/#breadcrumb"},"inLanguage":"es","potentialAction":[{"@type":"ReadAction","target":["https:\/\/t2c-hamburg.com\/es\/karriere\/"]}]},{"@type":"ImageObject","inLanguage":"es","@id":"https:\/\/t2c-hamburg.com\/es\/karriere\/#primaryimage","url":"https:\/\/t2c-hamburg.com\/wp-content\/uploads\/2025\/08\/Speicherstadt_Hamburg-1024x766.jpg","contentUrl":"https:\/\/t2c-hamburg.com\/wp-content\/uploads\/2025\/08\/Speicherstadt_Hamburg-1024x766.jpg"},{"@type":"BreadcrumbList","@id":"https:\/\/t2c-hamburg.com\/es\/karriere\/#breadcrumb","itemListElement":[{"@type":"ListItem","position":1,"name":"Startseite","item":"https:\/\/t2c-hamburg.com\/es\/"},{"@type":"ListItem","position":2,"name":"Carrera"}]},{"@type":"WebSite","@id":"https:\/\/t2c-hamburg.com\/es\/#website","url":"https:\/\/t2c-hamburg.com\/es\/","name":"T2C","description":"","potentialAction":[{"@type":"SearchAction","target":{"@type":"EntryPoint","urlTemplate":"https:\/\/t2c-hamburg.com\/es\/?s={search_term_string}"},"query-input":{"@type":"PropertyValueSpecification","valueRequired":true,"valueName":"search_term_string"}}],"inLanguage":"es"}]}},"_links":{"self":[{"href":"https:\/\/t2c-hamburg.com\/es\/wp-json\/wp\/v2\/pages\/2341","targetHints":{"allow":["GET"]}}],"collection":[{"href":"https:\/\/t2c-hamburg.com\/es\/wp-json\/wp\/v2\/pages"}],"about":[{"href":"https:\/\/t2c-hamburg.com\/es\/wp-json\/wp\/v2\/types\/page"}],"author":[{"embeddable":true,"href":"https:\/\/t2c-hamburg.com\/es\/wp-json\/wp\/v2\/users\/2"}],"replies":[{"embeddable":true,"href":"https:\/\/t2c-hamburg.com\/es\/wp-json\/wp\/v2\/comments?post=2341"}],"version-history":[{"count":2,"href":"https:\/\/t2c-hamburg.com\/es\/wp-json\/wp\/v2\/pages\/2341\/revisions"}],"predecessor-version":[{"id":2395,"href":"https:\/\/t2c-hamburg.com\/es\/wp-json\/wp\/v2\/pages\/2341\/revisions\/2395"}],"wp:attachment":[{"href":"https:\/\/t2c-hamburg.com\/es\/wp-json\/wp\/v2\/media?parent=2341"}],"curies":[{"name":"wp","href":"https:\/\/api.w.org\/{rel}","templated":true}]}}