{"id":2339,"date":"2025-02-26T09:48:34","date_gmt":"2025-02-26T08:48:34","guid":{"rendered":"https:\/\/t2c-hamburg.com\/impressum\/"},"modified":"2025-11-06T16:44:04","modified_gmt":"2025-11-06T15:44:04","slug":"impressum","status":"publish","type":"page","link":"https:\/\/t2c-hamburg.com\/es\/impressum\/","title":{"rendered":"Aviso legal"},"content":{"rendered":"\t\t<div data-elementor-type=\"wp-page\" data-elementor-id=\"2339\" class=\"elementor elementor-2339 elementor-1633\">\n\t\t\t\t\t\t<section class=\"elementor-section elementor-top-section elementor-element elementor-element-6095dc24 elementor-section-boxed elementor-section-height-default elementor-section-height-default\" data-id=\"6095dc24\" data-element_type=\"section\" data-settings=\"{&quot;background_background&quot;:&quot;classic&quot;}\">\n\t\t\t\t\t\t\t<div class=\"elementor-background-overlay\"><\/div>\n\t\t\t\t\t\t\t<div class=\"elementor-container elementor-column-gap-default\">\n\t\t\t\t\t<div class=\"elementor-column elementor-col-100 elementor-top-column elementor-element elementor-element-25d444de\" data-id=\"25d444de\" data-element_type=\"column\">\n\t\t\t<div class=\"elementor-widget-wrap\">\n\t\t\t\t\t\t\t<\/div>\n\t\t<\/div>\n\t\t\t\t\t<\/div>\n\t\t<\/section>\n\t\t<div class=\"elementor-element elementor-element-ca27575 e-flex e-con-boxed e-con e-parent\" data-id=\"ca27575\" data-element_type=\"container\">\n\t\t\t\t\t<div class=\"e-con-inner\">\n\t\t\t\t<div class=\"elementor-element elementor-element-a9b6673 elementor-widget elementor-widget-heading\" data-id=\"a9b6673\" data-element_type=\"widget\" data-widget_type=\"heading.default\">\n\t\t\t\t<div class=\"elementor-widget-container\">\n\t\t\t\t\t<h2 class=\"elementor-heading-title elementor-size-default\">Aviso legal<\/h2>\t\t\t\t<\/div>\n\t\t\t\t<\/div>\n\t\t\t\t<div class=\"elementor-element elementor-element-1bdac18 elementor-widget elementor-widget-text-editor\" data-id=\"1bdac18\" data-element_type=\"widget\" data-widget_type=\"text-editor.default\">\n\t\t\t\t<div class=\"elementor-widget-container\">\n\t\t\t\t\t\t\t\t\t<p><strong>T2C Steuerberatungsgesellschaft mbH<\/strong><\/p><p>Herrengraben 31, 20459 Hamburgo<br>T +49 40 37 86 88\u20130<br>Eoffice@t2c-hamburg.com Personas con poder de<\/p><p><strong>representaci\u00f3n:<\/strong><\/p><p>Dr. Walter H\u00f6ft, auditor, asesor fiscal Mirco<br>Schroeter, auditor, asesor fiscal Thorsten Schmidt,<br>asesor fiscal<br>Stefan K\u00e4hne, asesor fiscal<\/p><p>Tribunal de registro: Juzgado Local de Hamburgo,<\/p><p>HRB 78334 N.\u00ba de identificaci\u00f3n fiscal: DE 210 487 828 <\/p><p><strong>A2C Treuhand GmbH Wirtschaftspr\u00fcfungsgesellschaft<\/strong><\/p><p>Herrengraben 31, 20459 Hamburgo<br>T +49 40 329 17\u20130<br>Eoffice@a2c-hamburg.com Personas con poder de<\/p><p>representaci\u00f3n:<\/p><p>Mirco Schroeter, auditor, asesor fiscal Registro<\/p><p>mercantil: Juzgado Local de Hamburgo, HRB 87061<\/p><p>N.\u00ba de identificaci\u00f3n fiscal: DE 230 131 590<\/p><p><strong>L2C L\u00fcllwitz und Partner mbB \u2013 Abogados, asesores fiscales, auditores<\/strong><\/p><p>Herrengraben 31, 20459 Hamburgo<br>T +49 40 37 86 88\u20130<br>Eoffice@l2c-hamburg.com Personas con poder de<\/p><p><strong>representaci\u00f3n:<\/strong><\/p><p>Dr. Walter H\u00f6ft, auditor, asesor fiscal Registro<\/p><p>mercantil: Juzgado Local de Hamburgo, PR 744<\/p><p>N.\u00ba de identificaci\u00f3n fiscal: DE 276 842 923<\/p><p><strong>Steuerberater<\/strong><\/p><p>Todas las personas designadas como asesores fiscales est\u00e1n autorizadas para<br>ejercer como tales en la Rep\u00fablica Federal de Alemania y son miembros de la<br>C\u00e1mara de Asesores Fiscales de Hamburgo, Raboisen 32, 20095 Hamburgo,<br>como autoridad supervisora competente.<\/p><p>Los asesores fiscales est\u00e1n sujetos a las siguientes normas profesionales:<\/p><p>Ley de Asesor\u00eda Fiscal (StBerG)<br>Reglamento de aplicaci\u00f3n de la Ley de Asesor\u00eda Fiscal (DVStB) C\u00f3digo<br>deontol\u00f3gico (BOStB)<br>Reglamento sobre la remuneraci\u00f3n de los asesores fiscales (StBVV)<\/p><p>Las normas profesionales pueden consultarse y descargarse en la p\u00e1gina web<br>de la C\u00e1mara Federal de Asesores Fiscales (www.bstbk.de) en la secci\u00f3n<br>\u00abDer Steuerberater\u00bb =&gt; \u00ab&gt;\u00bb (El asesor fiscal =&gt; Normas<br>profesionales).<\/p><p>En caso de litigios entre asesores fiscales y clientes, existe la posibilidad de<br>solicitar una resoluci\u00f3n extrajudicial de conflictos ante la C\u00e1mara de Asesores<br>Fiscales de Hamburgo (de conformidad con el art\u00edculo 3, apartado 2, letra c),<br>de los estatutos de la C\u00e1mara de Asesores Fiscales de Hamburgo, en relaci\u00f3n<br>con el art\u00edculo 76, apartado 2, n\u00famero 3, de la StBerG), que se puede<br>consultar en Internet en www.stbk-hamburg.de, correo electr\u00f3nico: mail@stbkhamburg.<br>de.<\/p><p><strong>Abogados<\/strong><\/p><p>Todas las personas designadas como abogados est\u00e1n colegiadas en la<br>Rep\u00fablica Federal de Alemania y son miembros del Colegio de Abogados<br>Hanse\u00e1tico de Hamburgo, Bleichenbr\u00fccke 9, 20354 Hamburgo, como<br>autoridad supervisora competente.<\/p><p>Los abogados est\u00e1n sujetos a las siguientes normas profesionales:<\/p><p>Ley Federal de Abogados (BRAO) C\u00f3digo<br>Deontol\u00f3gico (BORA) Ley de Remuneraci\u00f3n de<br>Abogados (RVG)<br>Normas profesionales de los abogados de la Uni\u00f3n Europea (CCBE)<\/p><p>Las normas profesionales pueden consultarse y descargarse en la p\u00e1gina web del<br>Colegio Federal de Abogados (www.brak.de), en la secci\u00f3n \u00abBerufsrecht\u00bb<br>(Derecho profesional).<\/p><p>En caso de litigios entre abogados y clientes, existe la posibilidad, previa<br>solicitud, de recurrir a la mediaci\u00f3n extrajudicial ante el Colegio Regional de<br>Abogados Hanse\u00e1tico de Hamburgo (procedimiento de mediaci\u00f3n seg\u00fan el<br>art\u00edculo 73, apartado 2, n\u00famero 3, en relaci\u00f3n con el art\u00edculo 73, apartado 5,<br>de la Ley Federal de Abogados, BRAO) o ante el Colegio Federal de<br>Abogados suprarregional (\u00f3rgano de conciliaci\u00f3n de la abogac\u00eda seg\u00fan el<br>art\u00edculo 191 y siguientes de la BRAO), que se encuentra en Internet en<br>www.brak.de, correo electr\u00f3nico: schlichtungsstelle@brak.de. <\/p><p><strong>Auditores<\/strong><\/p><p>Todas las personas designadas como auditores est\u00e1n autorizadas para ejercer<br>como tales en la Rep\u00fablica Federal de Alemania y son miembros de la C\u00e1mara de<br>Auditores, Rauchstr. 26, 10787 Berl\u00edn, como autoridad supervisora competente. <\/p><p>Los auditores est\u00e1n sujetos a las siguientes normas profesionales:<\/p><p>Reglamento de auditores (WPO)<br>Estatutos profesionales para auditores\/contables jurados (BS WP\/vBP)<br>Estatutos para el control de calidad<br>Reglamento sobre sellos (Siegel-VO)<br>Reglamento sobre el seguro de responsabilidad civil profesional de los auditores<br>(WPBHV)<\/p><p>Las normas profesionales pueden consultarse y descargarse en la p\u00e1gina web de<br>la C\u00e1mara de Auditores (www.wpk.de), en la secci\u00f3n \u00abRechtsvorschriften\u00bb<br>(Normativa legal).<\/p><p>En caso de litigios entre auditores y clientes, existe la posibilidad de solicitar<br>una resoluci\u00f3n extrajudicial de la C\u00e1mara de Auditores de Berl\u00edn (procedimiento<br>de mediaci\u00f3n seg\u00fan el art\u00edculo 57, apartado 2, n\u00famero 3, del WPO), que se<br>puede encontrar en Internet en www.wpk.de, correo electr\u00f3nico:<br>kontakt@wpk.de.<\/p><p><strong>Seguro de responsabilidad civil profesional<\/strong><\/p><p>T2C Steuerberatungsgesellschaft mbH, L2C L\u00fcllwitz und Partner mbB y A2C<br>Treuhand GmbH Wirtschaftspr\u00fcfungsgesellschaft cuentan con un seguro de<br>responsabilidad civil profesional. La aseguradora es HDI Versicherung AG,<br>HDI-Platz 1, 30659 Hannover. <\/p><p>La cobertura del seguro de T2C Steuerberatungsgesellschaft mbH y A2C<br>Treuhand GmbH Wirtschaftspr\u00fcfungsgesellschaft no se aplica a las<br>reclamaciones de responsabilidad civil (1) que se presenten ante tribunales<br>extranjeros; esto tambi\u00e9n se aplica en caso de una sentencia de ejecuci\u00f3n<br>nacional (\u00a7 722 ZPO), (2) por la violaci\u00f3n o el incumplimiento de la legislaci\u00f3n<br>extranjera y (3) que se hagan valer por actividades realizadas a trav\u00e9s de<br>sucursales, filiales u otros centros de asesoramiento en el extranjero, salvo que<br>est\u00e9n incluidos en un acuerdo especial.<\/p><p>La cobertura del seguro de L2C L\u00fcllwitz und Partner mbB no se aplica a las<br>reclamaciones de responsabilidad civil derivadas de actividades (1) realizadas a<br>trav\u00e9s de bufetes u oficinas establecidos o mantenidos en otros pa\u00edses, (2)<br>relacionadas con el asesoramiento y el tratamiento de derecho no europeo, con<br>excepci\u00f3n del de Turqu\u00eda, y (3) del abogado ante tribunales no europeos. <\/p>\t\t\t\t\t\t\t\t<\/div>\n\t\t\t\t<\/div>\n\t\t\t\t\t<\/div>\n\t\t\t\t<\/div>\n\t\t\t\t<\/div>\n\t\t","protected":false},"excerpt":{"rendered":"<p>Aviso legal T2C Steuerberatungsgesellschaft mbH Herrengraben 31, 20459 HamburgoT +49 40 37 86 88\u20130Eoffice@t2c-hamburg.com Personas con poder de representaci\u00f3n: Dr. Walter H\u00f6ft, auditor, asesor fiscal MircoSchroeter, auditor, asesor fiscal Thorsten Schmidt,asesor fiscalStefan K\u00e4hne, asesor fiscal Tribunal de registro: Juzgado Local de Hamburgo, HRB 78334 N.\u00ba de identificaci\u00f3n fiscal: DE 210 487 828 A2C Treuhand GmbH [&hellip;]<\/p>\n","protected":false},"author":2,"featured_media":0,"parent":0,"menu_order":0,"comment_status":"closed","ping_status":"closed","template":"template-page-builders.php","meta":{"footnotes":""},"class_list":["post-2339","page","type-page","status-publish","hentry"],"yoast_head":"<!-- This site is optimized with the Yoast SEO plugin v24.5 - https:\/\/yoast.com\/wordpress\/plugins\/seo\/ -->\n<title>Aviso legal - T2C<\/title>\n<meta name=\"robots\" content=\"index, follow, max-snippet:-1, max-image-preview:large, max-video-preview:-1\" \/>\n<link rel=\"canonical\" href=\"https:\/\/t2c-hamburg.com\/es\/impressum\/\" \/>\n<meta property=\"og:locale\" content=\"es_ES\" \/>\n<meta property=\"og:type\" content=\"article\" \/>\n<meta property=\"og:title\" content=\"Aviso legal - T2C\" \/>\n<meta property=\"og:description\" content=\"Aviso legal T2C Steuerberatungsgesellschaft mbH Herrengraben 31, 20459 HamburgoT +49 40 37 86 88\u20130Eoffice@t2c-hamburg.com Personas con poder de representaci\u00f3n: Dr. Walter H\u00f6ft, auditor, asesor fiscal MircoSchroeter, auditor, asesor fiscal Thorsten Schmidt,asesor fiscalStefan K\u00e4hne, asesor fiscal Tribunal de registro: Juzgado Local de Hamburgo, HRB 78334 N.\u00ba de identificaci\u00f3n fiscal: DE 210 487 828 A2C Treuhand GmbH [&hellip;]\" \/>\n<meta property=\"og:url\" content=\"https:\/\/t2c-hamburg.com\/es\/impressum\/\" \/>\n<meta property=\"og:site_name\" content=\"T2C\" \/>\n<meta property=\"article:modified_time\" content=\"2025-11-06T15:44:04+00:00\" \/>\n<meta name=\"twitter:card\" content=\"summary_large_image\" \/>\n<meta name=\"twitter:label1\" content=\"Tiempo de lectura\" \/>\n\t<meta name=\"twitter:data1\" content=\"4 minutos\" \/>\n<script type=\"application\/ld+json\" class=\"yoast-schema-graph\">{\"@context\":\"https:\/\/schema.org\",\"@graph\":[{\"@type\":\"WebPage\",\"@id\":\"https:\/\/t2c-hamburg.com\/es\/impressum\/\",\"url\":\"https:\/\/t2c-hamburg.com\/es\/impressum\/\",\"name\":\"Aviso legal - T2C\",\"isPartOf\":{\"@id\":\"https:\/\/t2c-hamburg.com\/es\/#website\"},\"datePublished\":\"2025-02-26T08:48:34+00:00\",\"dateModified\":\"2025-11-06T15:44:04+00:00\",\"breadcrumb\":{\"@id\":\"https:\/\/t2c-hamburg.com\/es\/impressum\/#breadcrumb\"},\"inLanguage\":\"es\",\"potentialAction\":[{\"@type\":\"ReadAction\",\"target\":[\"https:\/\/t2c-hamburg.com\/es\/impressum\/\"]}]},{\"@type\":\"BreadcrumbList\",\"@id\":\"https:\/\/t2c-hamburg.com\/es\/impressum\/#breadcrumb\",\"itemListElement\":[{\"@type\":\"ListItem\",\"position\":1,\"name\":\"Startseite\",\"item\":\"https:\/\/t2c-hamburg.com\/es\/\"},{\"@type\":\"ListItem\",\"position\":2,\"name\":\"Aviso legal\"}]},{\"@type\":\"WebSite\",\"@id\":\"https:\/\/t2c-hamburg.com\/es\/#website\",\"url\":\"https:\/\/t2c-hamburg.com\/es\/\",\"name\":\"T2C\",\"description\":\"\",\"potentialAction\":[{\"@type\":\"SearchAction\",\"target\":{\"@type\":\"EntryPoint\",\"urlTemplate\":\"https:\/\/t2c-hamburg.com\/es\/?s={search_term_string}\"},\"query-input\":{\"@type\":\"PropertyValueSpecification\",\"valueRequired\":true,\"valueName\":\"search_term_string\"}}],\"inLanguage\":\"es\"}]}<\/script>\n<!-- \/ Yoast SEO plugin. -->","yoast_head_json":{"title":"Aviso legal - T2C","robots":{"index":"index","follow":"follow","max-snippet":"max-snippet:-1","max-image-preview":"max-image-preview:large","max-video-preview":"max-video-preview:-1"},"canonical":"https:\/\/t2c-hamburg.com\/es\/impressum\/","og_locale":"es_ES","og_type":"article","og_title":"Aviso legal - T2C","og_description":"Aviso legal T2C Steuerberatungsgesellschaft mbH Herrengraben 31, 20459 HamburgoT +49 40 37 86 88\u20130Eoffice@t2c-hamburg.com Personas con poder de representaci\u00f3n: Dr. Walter H\u00f6ft, auditor, asesor fiscal MircoSchroeter, auditor, asesor fiscal Thorsten Schmidt,asesor fiscalStefan K\u00e4hne, asesor fiscal Tribunal de registro: Juzgado Local de Hamburgo, HRB 78334 N.\u00ba de identificaci\u00f3n fiscal: DE 210 487 828 A2C Treuhand GmbH [&hellip;]","og_url":"https:\/\/t2c-hamburg.com\/es\/impressum\/","og_site_name":"T2C","article_modified_time":"2025-11-06T15:44:04+00:00","twitter_card":"summary_large_image","twitter_misc":{"Tiempo de lectura":"4 minutos"},"schema":{"@context":"https:\/\/schema.org","@graph":[{"@type":"WebPage","@id":"https:\/\/t2c-hamburg.com\/es\/impressum\/","url":"https:\/\/t2c-hamburg.com\/es\/impressum\/","name":"Aviso legal - T2C","isPartOf":{"@id":"https:\/\/t2c-hamburg.com\/es\/#website"},"datePublished":"2025-02-26T08:48:34+00:00","dateModified":"2025-11-06T15:44:04+00:00","breadcrumb":{"@id":"https:\/\/t2c-hamburg.com\/es\/impressum\/#breadcrumb"},"inLanguage":"es","potentialAction":[{"@type":"ReadAction","target":["https:\/\/t2c-hamburg.com\/es\/impressum\/"]}]},{"@type":"BreadcrumbList","@id":"https:\/\/t2c-hamburg.com\/es\/impressum\/#breadcrumb","itemListElement":[{"@type":"ListItem","position":1,"name":"Startseite","item":"https:\/\/t2c-hamburg.com\/es\/"},{"@type":"ListItem","position":2,"name":"Aviso legal"}]},{"@type":"WebSite","@id":"https:\/\/t2c-hamburg.com\/es\/#website","url":"https:\/\/t2c-hamburg.com\/es\/","name":"T2C","description":"","potentialAction":[{"@type":"SearchAction","target":{"@type":"EntryPoint","urlTemplate":"https:\/\/t2c-hamburg.com\/es\/?s={search_term_string}"},"query-input":{"@type":"PropertyValueSpecification","valueRequired":true,"valueName":"search_term_string"}}],"inLanguage":"es"}]}},"_links":{"self":[{"href":"https:\/\/t2c-hamburg.com\/es\/wp-json\/wp\/v2\/pages\/2339","targetHints":{"allow":["GET"]}}],"collection":[{"href":"https:\/\/t2c-hamburg.com\/es\/wp-json\/wp\/v2\/pages"}],"about":[{"href":"https:\/\/t2c-hamburg.com\/es\/wp-json\/wp\/v2\/types\/page"}],"author":[{"embeddable":true,"href":"https:\/\/t2c-hamburg.com\/es\/wp-json\/wp\/v2\/users\/2"}],"replies":[{"embeddable":true,"href":"https:\/\/t2c-hamburg.com\/es\/wp-json\/wp\/v2\/comments?post=2339"}],"version-history":[{"count":2,"href":"https:\/\/t2c-hamburg.com\/es\/wp-json\/wp\/v2\/pages\/2339\/revisions"}],"predecessor-version":[{"id":2360,"href":"https:\/\/t2c-hamburg.com\/es\/wp-json\/wp\/v2\/pages\/2339\/revisions\/2360"}],"wp:attachment":[{"href":"https:\/\/t2c-hamburg.com\/es\/wp-json\/wp\/v2\/media?parent=2339"}],"curies":[{"name":"wp","href":"https:\/\/api.w.org\/{rel}","templated":true}]}}