{"id":2275,"date":"2025-02-26T09:50:58","date_gmt":"2025-02-26T08:50:58","guid":{"rendered":"https:\/\/t2c-hamburg.com\/datenschutz\/"},"modified":"2025-11-06T16:18:13","modified_gmt":"2025-11-06T15:18:13","slug":"datenschutz","status":"publish","type":"page","link":"https:\/\/t2c-hamburg.com\/en\/datenschutz\/","title":{"rendered":"Data protection"},"content":{"rendered":"\t\t<div data-elementor-type=\"wp-page\" data-elementor-id=\"2275\" class=\"elementor elementor-2275 elementor-1643\">\n\t\t\t\t\t\t<section class=\"elementor-section elementor-top-section elementor-element elementor-element-6095dc24 elementor-section-boxed elementor-section-height-default elementor-section-height-default\" data-id=\"6095dc24\" data-element_type=\"section\" data-settings=\"{&quot;background_background&quot;:&quot;classic&quot;}\">\n\t\t\t\t\t\t\t<div class=\"elementor-background-overlay\"><\/div>\n\t\t\t\t\t\t\t<div class=\"elementor-container elementor-column-gap-default\">\n\t\t\t\t\t<div class=\"elementor-column elementor-col-100 elementor-top-column elementor-element elementor-element-25d444de\" data-id=\"25d444de\" data-element_type=\"column\">\n\t\t\t<div class=\"elementor-widget-wrap elementor-element-populated\">\n\t\t\t\t\t\t<div class=\"elementor-element elementor-element-1b7df8b8 elementor-invisible elementor-widget elementor-widget-heading\" data-id=\"1b7df8b8\" data-element_type=\"widget\" data-settings=\"{&quot;_animation&quot;:&quot;fadeInDown&quot;}\" data-widget_type=\"heading.default\">\n\t\t\t\t<div class=\"elementor-widget-container\">\n\t\t\t\t\t<h6 class=\"elementor-heading-title elementor-size-default\">Data protection<\/h6>\t\t\t\t<\/div>\n\t\t\t\t<\/div>\n\t\t\t\t\t<\/div>\n\t\t<\/div>\n\t\t\t\t\t<\/div>\n\t\t<\/section>\n\t\t<div class=\"elementor-element elementor-element-ca27575 e-flex e-con-boxed e-con e-parent\" data-id=\"ca27575\" data-element_type=\"container\">\n\t\t\t\t\t<div class=\"e-con-inner\">\n\t\t\t\t<div class=\"elementor-element elementor-element-a9b6673 elementor-widget elementor-widget-heading\" data-id=\"a9b6673\" data-element_type=\"widget\" data-widget_type=\"heading.default\">\n\t\t\t\t<div class=\"elementor-widget-container\">\n\t\t\t\t\t<h2 class=\"elementor-heading-title elementor-size-default\">Information on data protection<\/h2>\t\t\t\t<\/div>\n\t\t\t\t<\/div>\n\t\t\t\t<div class=\"elementor-element elementor-element-1bdac18 elementor-widget elementor-widget-text-editor\" data-id=\"1bdac18\" data-element_type=\"widget\" data-widget_type=\"text-editor.default\">\n\t\t\t\t<div class=\"elementor-widget-container\">\n\t\t\t\t\t\t\t\t\t<p><strong>1. Name and contact details of the controller<\/strong><\/p><p>Responsible for the data processing on this website and in our law firm is<\/p><p>T2C Steuerberatungsgesellschaft mbH<br>Herrengraben 31<br>20459 Hamburg<br>E-mail: office@t2c-hamburg.com, Phone: +49 (0)40-3786880, Fax: +49<br>(0)40-37868810;<\/p><p>Contact details of the data protection officer:<\/p><p>The firm&#8217;s data protection officer can be contacted at the above office address and at datenschutzbeauftragter@t2c-hamburg.com.<\/p><p><strong>2. Scope and purpose of the processing of personal data<\/strong><\/p><p><strong>2.1 Accessing the website<\/strong><\/p><p>External hosting<\/p><p>Our website is hosted on a server of the following internet service provider<br>(hoster)<br>IONOS SE<br>Elgendorfer Str. 57<br>56410 Montabaur<\/p><p>An order processing contract has been concluded with the hoster.<\/p><p><strong>What data is processed?<\/strong><\/p><p>The host stores all data from our website. This also includes all personal data that is collected automatically or through your input. This can be in particular Your IP address, pages accessed as well as meta and<br>communication data. When processing data, the hoster adheres to our instructions and only processes the data to the extent necessary to fulfil its service obligation to us.   <\/p><p>Server log files record all enquiries and access to our website and record error messages. They also include personal data, in particular your IP address. This is only provided by the hoster in anonymised form (the last<br>octet of the IP address is deleted) address is deleted) and therefore we cannot assign the IP address to a<br>person (apart from that, we have no interest in doing so). The data is automatically transmitted from your browser to our provider.   <\/p><p><strong>How do we process your data?<\/strong><\/p><p>Our provider stores the server log files in order to be able to track the<br>activities on our website and identify errors. The files contain the following<br>data <\/p><ul><li>Browser type and version<\/li><li>Operating system used<\/li><li>referrer URL<\/li><li>Host name of the accessing computer<\/li><li>Time of the server request<\/li><li>IP address (anonymised by the provider after 7 days; only<br>provided to us in anonymised form)<\/li><\/ul><p>We do not merge this data with other data, but only use it to see how many visitors are interested in our website. In the event of illegal use, e.g. attacks on a website, the hoster may use this information for further<br>investigations or security measures. <\/p><p><strong>On what legal basis do we process your data?<\/strong><\/p><p>Since we address potential customers via our website and maintain contact with existing customers, the data processing by our hoster serves to initiate and fulfil contracts and is therefore based on Art. 6 para. 1 lit. b)<br>GDPR. Furthermore, it is our legitimate interest as a company to provide a professional website that fulfils the necessary requirements in terms of security, speed and efficiency. It is also in our legitimate interest to obtain an anonymised overview of access to our website. In this respect, we also process your data on the<br>basis of Art. 6 para. 1 lit. f) GDPR.       <\/p><p><strong>How long do we store your data?<\/strong><\/p><p>As the connection data provided to us by the hoster is already anonymised, it is no longer personal data and therefore the GDPR no longer applies. Nevertheless, we review these log files once a year and decide whether they should continue to be used for statistical purposes or be deleted. <\/p><p><strong>2.2 Contacting us by email, telephone or fax<\/strong><\/p><p>You can send us a message by e-mail or fax or give us a call.<\/p><p><strong>How do we process your data?<\/strong><\/p><p>We store your message and the contact details you have provided or the telephone number you have transmitted in order to be able to process your enquiry, including any follow-up questions. We will not pass the data on to other persons without your consent. <\/p><p><strong>On what legal basis do we process your data?<\/strong><\/p><p>Sofern Ihre Anfrage mit unserer vertraglichen Beziehung in Zusammenhang steht oder der Durchf\u00fchrung vorvertraglicher Ma\u00dfnahmen dient, verarbeiten wir Ihre Daten auf der Grundlage von Art. 6 Abs. 1 lit. b) DSGVO. In allen anderen F\u00e4llen ist es unser berechtigtes Interesse, an uns gerichtete Anfragen effizient zu bearbeiten. Rechtsgrundlage der Datenverarbeitung ist somit Art. 6 Abs. 1 lit. f) DSGVO.      <\/p><p><strong>How long do we store your data?<\/strong><\/p><p>We delete your data as soon as one of the following points occurs:<\/p><ul><li>Your enquiry has been finally processed.<\/li><li>You ask us to delete the data.<\/li><li>You revoke your consent to storage.<\/li><\/ul><p>This only does not apply if we are legally obliged to retain the data.<\/p><p><strong>3. Forwarding of data<\/strong><\/p><p>Personal data is transferred to third parties if<\/p><ul><li>the data subject has expressly consented to this in accordance with Art. 6 para. 1 sentence 1 letter a) GDPR, <\/li><li>the transfer is necessary for the establishment, exercise or defence of legal claims pursuant to Art. 6 (1) sentence 1 (f) GDPR and there is no reason to assume that the data subject has an overriding <\/li><li>there is a legal obligation for the data transfer pursuant to Art. 6<br>para. 1 sentence 1 lit. c) GDPR there is a legal obligation, and\/or <\/li><li>this is necessary for the fulfilment of a contractual relationship with<br>the data subject pursuant to Art. 6 para. 1 sentence 1 letter b) GDPR. <\/li><\/ul><p>In other cases, personal data will not be passed on to third parties.<\/p><p><strong>4. Your rights as a data subject<\/strong><\/p><p>If your personal data is processed when you visit our website, you have the following rights as a &#8220;data subject&#8221; within the meaning of the GDPR<\/p><p><strong>4.1 Information<\/strong><\/p><p>You can request information from us as to whether your personal data is being processed by us. There is no right to information if the provision of the requested information would violate the duty of confidentiality pursuant<br>to Section 57 (1) StBerG or if the information must be kept secret for other reasons, in particular due to an overriding legitimate interest of a third party. Deviating from this, there may be an obligation to provide the information if your interests outweigh the interest in confidentiality, in particular taking into account the threat of damage. The right to information is also excluded if the data is only stored because it may not be deleted due to legal or statutory retention periods or exclusively serves the purposes of data backup or data protection control, provided that the provision of information would require a disproportionately high effort and processing for other purposes is excluded by suitable technical and organisational measures. If the right to information is not excluded in your case and your personal data is processed by us, you can request the following information from us:      <\/p><ul><li>Purposes of the processing,<\/li><li>Categories of personal data processed by you,<\/li><li>the recipients or categories of recipients to whom your personal data is disclosed, in particular in the case of recipients in third countries<\/li><li>if possible, the planned duration for which your personal data will be stored or, if this is not possible, the criteria for determining the storage period<\/li><li>the existence of a right to rectification or erasure or restriction of processing of personal data concerning you or a right to object to such processing, the existence of a right to lodge a complaint with a data protection supervisory authority,<\/li><li>if the personal data have not been collected from you as the data subject, the available information on the origin of the data<\/li><li>where applicable, the existence of automated decisionmaking including profiling and profiling and meaningful information about the logic involved, as well as the significance and envisaged consequences of automated decisionmaking,<\/li><li>where applicable, in the case of transfer to recipients in third<br>countries, unless a decision has been made by the EU Commission<br>on the adequacy of the level of<br>level of protection pursuant to Art. 45 para. 3 GDPR, information on the<br>appropriate safeguards pursuant   <\/li><\/ul><p><strong>4.2 Correction and completion<\/strong><\/p><p>If you discover that we have incorrect personal data about you, you can request that we correct this incorrect data immediately. If your personal data is incomplete, you can request that it be completed. <\/p><p><strong>4.3 Erasure<\/strong><\/p><p>You have the right to erasure (&#8220;right to be forgotten&#8221;), unless the processing is necessary for exercising the right of freedom of expression, the right to information or for compliance with a legal obligation or for the<br>performance of a task carried out in the public interest and one of the following reasons applies:<\/p><ul><li>The personal data are no longer necessary in relation to the purposes for which they were processed.<\/li><li>The justification for the processing was solely your consent, which you have withdrawn.<\/li><li>You have objected to the processing of your personal data, which we have made public.<\/li><li>You have objected to the processing of personal data that we have not made public and there are no overriding legitimate grounds for the processing.<\/li><li>Your personal data has been processed unlawfully.<\/li><li>The erasure of personal data is necessary to fulfil a legal<br>obligation to which we are subject.<\/li><\/ul><p>There is no right to erasure if, in the case of lawful non-automated data processing, erasure is not possible or only possible with disproportionate effort due to the special type of storage and your interest in erasure is low. In this case, the restriction of processing takes the place of erasure. <\/p><p><strong>4.4 Restriction of processing<\/strong><\/p><p>You can request that we restrict processing if one of the following reasons<br>applies:<\/p><ul><li>You contest the accuracy of the personal data. In this case, the restriction may be requested for a period enabling us to verify the accuracy of the data. <\/li><li>The processing is unlawful and you request the restriction of the use of your personal data instead of erasure.<\/li><li>We no longer need your personal data for the purposes of the processing, but you need it for the establishment, exercise or<br>defence of legal claims.<\/li><li>You have lodged an objection pursuant to Art. 21 para. 1 GDPR.<br>The restriction of processing can be requested as long as it is not yet clear whether our legitimate reasons outweigh your reasons.   <\/li><\/ul><p>Restriction of processing means that the personal data will only be<br>processed with your consent or for the establishment, exercise or defence<br>of legal claims or for the protection of the rights of another natural or legal<br>person or for reasons of important public interest. We are obliged to<br>inform you before we lift the restriction. <\/p><p><strong>4.5 Data portability<\/strong><\/p><p>You have a right to data portability if the processing is based on your consent (Art. 6 para. 1 sentence 1 letter a) or Art. 9 para. 2 letter b). a) GDPR) or on a contract to which you are a party and the processing is<br>carried out by automated means. In this case, the right to data portability includes the following rights, provided that this does not adversely affect the rights and freedoms of other persons: You may request to receive the personal data that you have provided to us in a structured, commonly used and machine-readable format. You have the right to transmit this data to another controller without hindrance from us. Where technically feasible, you can request that we transfer your personal data directly to another controller.    <\/p><p><strong>4.6 Objection<\/strong><\/p><p>If the processing is based on Art. 6 para. 1 sentence 1 letter e) GDPR (performance of a task carried out in the public interest or in the exercise of official authority) or on Art. 6 para. 1 sentence 1 letter f) GDPR (legitimate<br>interest of the controller or a third party), you have the right to object to the processing of your personal data at any time for reasons arising from your particular situation. This also applies to profiling based on Article 6 (1)<br>sentence 1 (e) or (f) GDPR. Once you have exercised your right to object, we will no longer process your<br>personal data unless we can demonstrate compelling legitimate grounds for the processing which override your interests, rights and freedoms, or the processing serves the establishment, exercise or defence of legal claims.         <\/p><p>You can object to the processing of your personal data for direct marketing purposes at any time. This also applies to profiling in connection with such direct marketing. After exercising this right to object, we will no longer use<br>the personal data concerned for direct marketing purposes.  <\/p><p>You have the option to inform us informally of your objection by telephone, email,<br>fax or to our postal address listed at the beginning of this privacy policy.<\/p><p><strong>4.7 Revocation of consent<\/strong><\/p><p>You have the right to withdraw your consent at any time with effect for the future. The revocation of consent can be communicated informally by telephone, e-mail, fax or to our postal address. The revocation does not<br>affect the legality of the data processing that has taken place on the basis of the consent until receipt of the revocation. After receipt of the revocation, the data processing that was based exclusively on your consent will be<br>discontinued.   <\/p><p><strong>4.8 Complaint<\/strong><\/p><p>If you believe that the processing of your personal data is unlawful, you<br>can lodge a complaint with a data protection supervisory authority.<\/p><p><strong>5. Further information<\/strong><\/p><p>a) SSL- bzw. TLS-Verschl\u00fcsselung<\/p><p>When you enter your data on websites, place online orders or send emails via the Internet, you must always expect that unauthorised third parties will access your data. There is no complete protection against such<br>access. However, we do everything we can to protect your data as well as possible and to close security gaps as far as we can.  <\/p><p>An important protection mechanism is the SSL or TLS encryption of our website, which ensures that data that you transmit to us cannot be read by third parties. You can recognise the encryption by the lock icon in front of the Internet address entered in your browser and by the fact that our Internet address begins with https:\/ \/ and not with http:\/ \/ . <\/p><p>b) Data processing outside the European Union<\/p><p>We do not process data outside the European Union.<\/p><p><strong>6. Status and updating of this privacy policy<\/strong><\/p><p>We reserve the right to update the privacy policy in due course in order to<br>improve data protection and\/or adapt it to changes in official practice or case<br>law.<\/p>\t\t\t\t\t\t\t\t<\/div>\n\t\t\t\t<\/div>\n\t\t\t\t\t<\/div>\n\t\t\t\t<\/div>\n\t\t\t\t<\/div>\n\t\t","protected":false},"excerpt":{"rendered":"<p>Data protection Information on data protection 1. Name and contact details of the controller Responsible for the data processing on this website and in our law firm is T2C Steuerberatungsgesellschaft mbHHerrengraben 3120459 HamburgE-mail: office@t2c-hamburg.com, Phone: +49 (0)40-3786880, Fax: +49(0)40-37868810; Contact details of the data protection officer: The firm&#8217;s data protection officer can be contacted at [&hellip;]<\/p>\n","protected":false},"author":2,"featured_media":0,"parent":0,"menu_order":0,"comment_status":"closed","ping_status":"closed","template":"template-page-builders.php","meta":{"footnotes":""},"class_list":["post-2275","page","type-page","status-publish","hentry"],"yoast_head":"<!-- This site is optimized with the Yoast SEO plugin v24.5 - https:\/\/yoast.com\/wordpress\/plugins\/seo\/ -->\n<title>Data protection - T2C<\/title>\n<meta name=\"robots\" content=\"index, follow, max-snippet:-1, max-image-preview:large, max-video-preview:-1\" \/>\n<link rel=\"canonical\" href=\"https:\/\/t2c-hamburg.com\/en\/datenschutz\/\" \/>\n<meta property=\"og:locale\" content=\"en_US\" \/>\n<meta property=\"og:type\" content=\"article\" \/>\n<meta property=\"og:title\" content=\"Data protection - T2C\" \/>\n<meta property=\"og:description\" content=\"Data protection Information on data protection 1. Name and contact details of the controller Responsible for the data processing on this website and in our law firm is T2C Steuerberatungsgesellschaft mbHHerrengraben 3120459 HamburgE-mail: office@t2c-hamburg.com, Phone: +49 (0)40-3786880, Fax: +49(0)40-37868810; Contact details of the data protection officer: The firm&#8217;s data protection officer can be contacted at [&hellip;]\" \/>\n<meta property=\"og:url\" content=\"https:\/\/t2c-hamburg.com\/en\/datenschutz\/\" \/>\n<meta property=\"og:site_name\" content=\"T2C\" \/>\n<meta property=\"article:modified_time\" content=\"2025-11-06T15:18:13+00:00\" \/>\n<meta name=\"twitter:card\" content=\"summary_large_image\" \/>\n<meta name=\"twitter:label1\" content=\"Est. reading time\" \/>\n\t<meta name=\"twitter:data1\" content=\"12 minutes\" \/>\n<script type=\"application\/ld+json\" class=\"yoast-schema-graph\">{\"@context\":\"https:\/\/schema.org\",\"@graph\":[{\"@type\":\"WebPage\",\"@id\":\"https:\/\/t2c-hamburg.com\/en\/datenschutz\/\",\"url\":\"https:\/\/t2c-hamburg.com\/en\/datenschutz\/\",\"name\":\"Data protection - T2C\",\"isPartOf\":{\"@id\":\"https:\/\/t2c-hamburg.com\/en\/#website\"},\"datePublished\":\"2025-02-26T08:50:58+00:00\",\"dateModified\":\"2025-11-06T15:18:13+00:00\",\"breadcrumb\":{\"@id\":\"https:\/\/t2c-hamburg.com\/en\/datenschutz\/#breadcrumb\"},\"inLanguage\":\"en-US\",\"potentialAction\":[{\"@type\":\"ReadAction\",\"target\":[\"https:\/\/t2c-hamburg.com\/en\/datenschutz\/\"]}]},{\"@type\":\"BreadcrumbList\",\"@id\":\"https:\/\/t2c-hamburg.com\/en\/datenschutz\/#breadcrumb\",\"itemListElement\":[{\"@type\":\"ListItem\",\"position\":1,\"name\":\"Startseite\",\"item\":\"https:\/\/t2c-hamburg.com\/en\/\"},{\"@type\":\"ListItem\",\"position\":2,\"name\":\"Data protection\"}]},{\"@type\":\"WebSite\",\"@id\":\"https:\/\/t2c-hamburg.com\/en\/#website\",\"url\":\"https:\/\/t2c-hamburg.com\/en\/\",\"name\":\"T2C\",\"description\":\"\",\"potentialAction\":[{\"@type\":\"SearchAction\",\"target\":{\"@type\":\"EntryPoint\",\"urlTemplate\":\"https:\/\/t2c-hamburg.com\/en\/?s={search_term_string}\"},\"query-input\":{\"@type\":\"PropertyValueSpecification\",\"valueRequired\":true,\"valueName\":\"search_term_string\"}}],\"inLanguage\":\"en-US\"}]}<\/script>\n<!-- \/ Yoast SEO plugin. -->","yoast_head_json":{"title":"Data protection - T2C","robots":{"index":"index","follow":"follow","max-snippet":"max-snippet:-1","max-image-preview":"max-image-preview:large","max-video-preview":"max-video-preview:-1"},"canonical":"https:\/\/t2c-hamburg.com\/en\/datenschutz\/","og_locale":"en_US","og_type":"article","og_title":"Data protection - T2C","og_description":"Data protection Information on data protection 1. Name and contact details of the controller Responsible for the data processing on this website and in our law firm is T2C Steuerberatungsgesellschaft mbHHerrengraben 3120459 HamburgE-mail: office@t2c-hamburg.com, Phone: +49 (0)40-3786880, Fax: +49(0)40-37868810; Contact details of the data protection officer: The firm&#8217;s data protection officer can be contacted at [&hellip;]","og_url":"https:\/\/t2c-hamburg.com\/en\/datenschutz\/","og_site_name":"T2C","article_modified_time":"2025-11-06T15:18:13+00:00","twitter_card":"summary_large_image","twitter_misc":{"Est. reading time":"12 minutes"},"schema":{"@context":"https:\/\/schema.org","@graph":[{"@type":"WebPage","@id":"https:\/\/t2c-hamburg.com\/en\/datenschutz\/","url":"https:\/\/t2c-hamburg.com\/en\/datenschutz\/","name":"Data protection - T2C","isPartOf":{"@id":"https:\/\/t2c-hamburg.com\/en\/#website"},"datePublished":"2025-02-26T08:50:58+00:00","dateModified":"2025-11-06T15:18:13+00:00","breadcrumb":{"@id":"https:\/\/t2c-hamburg.com\/en\/datenschutz\/#breadcrumb"},"inLanguage":"en-US","potentialAction":[{"@type":"ReadAction","target":["https:\/\/t2c-hamburg.com\/en\/datenschutz\/"]}]},{"@type":"BreadcrumbList","@id":"https:\/\/t2c-hamburg.com\/en\/datenschutz\/#breadcrumb","itemListElement":[{"@type":"ListItem","position":1,"name":"Startseite","item":"https:\/\/t2c-hamburg.com\/en\/"},{"@type":"ListItem","position":2,"name":"Data protection"}]},{"@type":"WebSite","@id":"https:\/\/t2c-hamburg.com\/en\/#website","url":"https:\/\/t2c-hamburg.com\/en\/","name":"T2C","description":"","potentialAction":[{"@type":"SearchAction","target":{"@type":"EntryPoint","urlTemplate":"https:\/\/t2c-hamburg.com\/en\/?s={search_term_string}"},"query-input":{"@type":"PropertyValueSpecification","valueRequired":true,"valueName":"search_term_string"}}],"inLanguage":"en-US"}]}},"_links":{"self":[{"href":"https:\/\/t2c-hamburg.com\/en\/wp-json\/wp\/v2\/pages\/2275","targetHints":{"allow":["GET"]}}],"collection":[{"href":"https:\/\/t2c-hamburg.com\/en\/wp-json\/wp\/v2\/pages"}],"about":[{"href":"https:\/\/t2c-hamburg.com\/en\/wp-json\/wp\/v2\/types\/page"}],"author":[{"embeddable":true,"href":"https:\/\/t2c-hamburg.com\/en\/wp-json\/wp\/v2\/users\/2"}],"replies":[{"embeddable":true,"href":"https:\/\/t2c-hamburg.com\/en\/wp-json\/wp\/v2\/comments?post=2275"}],"version-history":[{"count":2,"href":"https:\/\/t2c-hamburg.com\/en\/wp-json\/wp\/v2\/pages\/2275\/revisions"}],"predecessor-version":[{"id":2354,"href":"https:\/\/t2c-hamburg.com\/en\/wp-json\/wp\/v2\/pages\/2275\/revisions\/2354"}],"wp:attachment":[{"href":"https:\/\/t2c-hamburg.com\/en\/wp-json\/wp\/v2\/media?parent=2275"}],"curies":[{"name":"wp","href":"https:\/\/api.w.org\/{rel}","templated":true}]}}